{"id":67,"date":"2019-05-02T19:50:49","date_gmt":"2019-05-02T16:50:49","guid":{"rendered":"https:\/\/serdarwork.com\/tr\/?page_id=67"},"modified":"2019-11-13T15:03:14","modified_gmt":"2019-11-13T12:03:14","slug":"gizlilik-politikasi","status":"publish","type":"page","link":"https:\/\/serdarwork.com\/tr\/gizlilik-politikasi\/","title":{"rendered":"Gizlilik Politikas\u0131"},"content":{"rendered":"\n<p>Ziyaret\u00e7ilerilerin ve m\u00fc\u015fterilerilerin ki\u015fisel verilerine sayg\u0131 duyuyoruz ve korumak i\u00e7in ciddi \u00f6nlemler almaktay\u0131z. Site \u00fczerindeki herhangi bir ziyaret\u00e7i i\u015flem g\u00fcvenli\u011fi i\u00e7in Secure Sockets Layer (SSL) yani G\u00fcvenli Giri\u015f Katman\u0131 protokol\u00fc kullan\u0131lmaktad\u0131r. Bu sayede, sitede bulunan ileti\u015fim formlar\u0131 gibi kullan\u0131c\u0131 bilgileri bar\u0131nd\u0131ran etkile\u015fimler, k\u00f6t\u00fc niyetli ki\u015filerin eline ge\u00e7memesi i\u00e7in olduk\u00e7a g\u00fc\u00e7l\u00fc bir \u015fekilde \u015fifrelenmektedir.<\/p>\n\n\n\n<h2 class=\"wp-block-heading\">Biz kimiz<\/h2>\n\n\n\n<p>Serdar Work (\u201cSerdar KO\u00c7AK\u201c) taraf\u0131ndan \u00e7evrimi\u00e7i bilgi ve hizmet tan\u0131t\u0131mlar\u0131 sa\u011flamak amac\u0131yla kurulmu\u015ftur.<\/p>\n\n\n\n<p>Web sitemizin adresi: https:\/\/serdarwork.com.<\/p>\n\n\n\n<h2 class=\"wp-block-heading\">Hangi ki\u015fisel bilgileri ne ama\u00e7la topluyoruz<\/h2>\n\n\n\n<h3 class=\"wp-block-heading\">Yorumlar<\/h3>\n\n\n\n<p>Ziyaret\u00e7iler sitede yorum b\u0131rakt\u0131\u011f\u0131nda yorum formunda g\u00f6sterilen verileri ve ayr\u0131ca istenmeyen yorum tespitine yard\u0131mc\u0131 olmak i\u00e7in ziyaret\u00e7inin IP adresi ve taray\u0131c\u0131 bilgisi metnini de toplar\u0131z.<\/p>\n\n\n\n<p>E-posta adresinizden olu\u015fturulmu\u015f anonimle\u015ftirilmi\u015f bir metin (hash olarak da adland\u0131r\u0131l\u0131r) Gravatar hizmetine, servisi kullan\u0131p kullanmad\u0131\u011f\u0131n\u0131z\u0131 g\u00f6rmek i\u00e7in, sa\u011flanabilir. Gravatar servisinin gizlilik politikas\u0131 \u015fu adrestedir: https:\/\/automattic.com\/privacy\/. Yorumunuzun onaylanmas\u0131ndan sonra profil resminiz yorumunuzla birlikte herkese g\u00f6r\u00fcn\u00fcr.<\/p>\n\n\n\n<h3 class=\"wp-block-heading\">Ortam<\/h3>\n\n\n\n<p>G\u00f6rselleri web sitesine y\u00fcklerseniz, g\u00f6m\u00fclm\u00fc\u015f konum verileri (EXIF GPS) i\u00e7eren g\u00f6rseller y\u00fcklemekten ka\u00e7\u0131nmal\u0131s\u0131n\u0131z. Web sitesi ziyaret\u00e7ileri, web sitesindeki g\u00f6rsellerden herhangi bir konum bilgisini indirip \u00e7\u0131karabilir.<\/p>\n\n\n\n<h3 class=\"wp-block-heading\">\u0130leti\u015fim formlar\u0131<\/h3>\n\n\n\n<p>Ziyaret\u00e7iler sitede bulunan ileti\u015fim formu (https:\/\/serdarwork.com\/tr\/iletisim) arac\u0131l\u0131\u011f\u0131yla bizlere mesaj g\u00f6ndermeleri halinde, sadece isim ve e-posta bilgileri bize ula\u015f\u0131r. IP adresi, taray\u0131c\u0131 bilgisi vb. ki\u015fisel bilgiler hi\u00e7bir \u015fekilde toplanmaz.<\/p>\n\n\n\n<h3 class=\"wp-block-heading\">\u00c7erezler<\/h3>\n\n\n\n<p>Sitemize bir yorum b\u0131rak\u0131rsan\u0131z, isminizi, e-posta adresinizi ve web sitenizi \u00e7erezlerde kaydetmeyi se\u00e7ebilirsiniz. Bunlar size kolayl\u0131k sa\u011flamak i\u00e7indir, b\u00f6ylece ba\u015fka bir yorum b\u0131rakt\u0131\u011f\u0131n\u0131zda bilgilerinizi tekrar doldurman\u0131z gerekmez. Bu \u00e7erezler bir y\u0131l s\u00fcresince kal\u0131r.<\/p>\n\n\n\n<p>Bir hesab\u0131n\u0131z varsa ve bu siteye giri\u015f yaparsan\u0131z, taray\u0131c\u0131n\u0131z\u0131n \u00e7erezleri kabul edip etmedi\u011fini belirlemek i\u00e7in ge\u00e7ici bir \u00e7erez ayarlayaca\u011f\u0131z. Bu \u00e7erez hi\u00e7bir ki\u015fisel veri i\u00e7ermez ve taray\u0131c\u0131n\u0131z\u0131 kapatt\u0131\u011f\u0131n\u0131zda at\u0131l\u0131r.<\/p>\n\n\n\n<p>Giri\u015f yapt\u0131\u011f\u0131n\u0131zda, giri\u015f bilgilerinizi ve ekran g\u00f6r\u00fcnt\u00fcleme se\u00e7iminizi kaydetmek i\u00e7in birka\u00e7 \u00e7erez kaydedece\u011fiz. Giri\u015f \u00e7erezleri iki g\u00fcn ve ekran se\u00e7enekleri \u00e7erezleri bir y\u0131l boyunca kal\u0131r. &#8220;Beni hat\u0131rla&#8221; se\u00e7ene\u011fini se\u00e7ereniz, giri\u015finiz iki hafta boyunca devam eder. Hesab\u0131n\u0131zdan \u00e7\u0131k\u0131\u015f yaparsan\u0131z, giri\u015f \u00e7erezleri kald\u0131r\u0131lacakt\u0131r.<\/p>\n\n\n\n<p>Bir makaleyi d\u00fczenler veya yay\u0131nlarsan\u0131z taray\u0131c\u0131n\u0131za ek bir \u00e7erez kaydedilir. Bu \u00e7erez hi\u00e7bir ki\u015fisel veri i\u00e7ermez ve sadece d\u00fczenledi\u011finiz makalenin yaz\u0131 kimli\u011fini g\u00f6sterir. 1 g\u00fcn sonra zaman a\u015f\u0131m\u0131na u\u011frar.<\/p>\n\n\n\n<h3 class=\"wp-block-heading\">Di\u011fer sitelerden g\u00f6m\u00fclen i\u00e7erik<\/h3>\n\n\n\n<p>Bu sitedeki makaleler g\u00f6m\u00fcl\u00fc i\u00e7erik (\u00f6r. videolar, resimler, makaleler, vb.) I\u00e7erebilir. Di\u011fer web sitelerinden g\u00f6m\u00fclen i\u00e7erik, ziyaret\u00e7inin di\u011fer web sitesini ziyaret etmi\u015f gibi, tam olarak ayn\u0131 \u015fekilde davran\u0131r.<\/p>\n\n\n\n<p>Bu web siteleri sizin hakk\u0131n\u0131zda veri toplayabilir, \u00e7erez kullanabilir, \u00fc\u00e7\u00fcnc\u00fc taraf taraf\u0131ndan g\u00f6m\u00fclm\u00fc\u015f \u015feklide takip yapabilir ve bir hesab\u0131n\u0131z varsa ve bu web sitesinde oturum a\u00e7t\u0131ysan\u0131z, g\u00f6m\u00fclen i\u00e7erikle etkile\u015fiminizi takip etme dahil olmak \u00fczere, bu g\u00f6m\u00fclen i\u00e7erikle etkile\u015fiminizi izleyebilir.<\/p>\n\n\n\n<h3 class=\"wp-block-heading\">Log Kay\u0131tlar\u0131<\/h3>\n\n\n\n<p>T\u0131pk\u0131 \u00e7o\u011fu web siteleri gibi, serdarwork.com log kay\u0131tlar\u0131n\u0131 tutmaktad\u0131r. Bu kay\u0131tlar ziyaret\u00e7ilerin site ile olan etkile\u015fimleri esnas\u0131nda tutulur. Hosting firmalar\u0131n\u0131n pek \u00e7o\u011funda standart bir prosed\u00fcr olarak g\u00f6r\u00fcl\u00fcr. Log kay\u0131tlar\u0131n\u0131n i\u00e7erisinde kullan\u0131c\u0131lar\u0131n internet protokol adresleri, taray\u0131c\u0131 bilgisi, internet servis sa\u011flay\u0131c\u0131lar\u0131 (ISP), zaman bilgisi ve referans bilgisi gibi genel kay\u0131tlar yer al\u0131r. Bu bilgiler g\u00fcvenlik ve istatistik ama\u00e7l\u0131 olarak tutulmaktad\u0131r ve kim oldu\u011funuza dair ki\u015fisel bir bilgi ta\u015f\u0131mamaktad\u0131r.<\/p>\n\n\n\n<h3 class=\"wp-block-heading\">Analiz<\/h3>\n\n\n\n<p>Web sitemiz Google Analytics hizmetini ziyaret\u00e7i trafi\u011fini ve sayfa kullan\u0131m istatistiklerini g\u00f6zlemleyebilmek amac\u0131yla kullanmaktad\u0131r. Google Analytics verileri \u0131\u015f\u0131nda kullan\u0131c\u0131 deneyimini her ge\u00e7en g\u00fcn daha da art\u0131rmay\u0131 hedeflemekteyiz.<\/p>\n\n\n\n<h2 class=\"wp-block-heading\">Verilerinizi ne kadar s\u00fcre tutar\u0131z<\/h2>\n\n\n\n<p>Bir yorum b\u0131rak\u0131rsan\u0131z, yorum ve meta verileri s\u00fcresiz olarak saklan\u0131r. B\u00f6ylece, takip eden yorumlar\u0131n\u0131z\u0131 denetim kuyru\u011funda tutmak yerine otomatik olarak tan\u0131yabilir ve onaylayabiliriz.<\/p>\n\n\n\n<p>Web sitemize kay\u0131t yapt\u0131ran kullan\u0131c\u0131lar i\u00e7in (varsa) kullan\u0131c\u0131 profilinde sa\u011flad\u0131klar\u0131 ki\u015fisel bilgileri de saklar\u0131z. T\u00fcm kullan\u0131c\u0131lar ki\u015fisel bilgilerini istedikleri zaman g\u00f6rebilir, d\u00fczenleyebilir veya silebilir (kullan\u0131c\u0131 ad\u0131 de\u011fi\u015ftirme hari\u00e7). Web sitesi y\u00f6neticileri de bu bilgileri g\u00f6rebilir ve d\u00fczenleyebilir.<\/p>\n\n\n\n<h2 class=\"wp-block-heading\">Verileriniz \u00fczerindeki haklar\u0131n\u0131z neler<\/h2>\n\n\n\n<p>Bu sitede bir hesab\u0131n\u0131z veya yorumlar\u0131n\u0131z varsa, bize sa\u011flad\u0131\u011f\u0131n\u0131z veriler dahil olmak \u00fczere, hakk\u0131n\u0131zda tuttu\u011fumuz ki\u015fisel verilerin d\u0131\u015fa aktar\u0131lm\u0131\u015f bir dosyas\u0131n\u0131 almay\u0131 isteyebilirsiniz. Ayr\u0131ca, hakk\u0131n\u0131zda tuttu\u011fumuz t\u00fcm ki\u015fisel verileri de silmeyi isteyebilirsiniz. Bu, idari, yasal veya g\u00fcvenlik ama\u00e7lar\u0131na uymak zorunda oldu\u011fumuz hi\u00e7bir veriyi i\u00e7ermez.<\/p>\n\n\n\n<h2 class=\"wp-block-heading\">Verinizi nereye g\u00f6nderiyoruz<\/h2>\n\n\n\n<p>Ziyaret\u00e7i yorumlar\u0131 otomatik istenmeyen yorum alg\u0131lama servisi arac\u0131l\u0131\u011f\u0131yla kontrol edilebilir.<\/p>\n\n\n\n<p>Site g\u00fcvenli\u011fi ve performans\u0131 i\u00e7in d\u00fcnya genelinde yayg\u0131n olarak tercih edilen Cloudflare hizmetini ve k\u00f6t\u00fc niyetli ziyaret\u00e7iler ile normal ziyaret\u00e7ileri ay\u0131rt edebilmek i\u00e7in <em>__cfduid<\/em> \u00e7erezini kullan\u0131yoruz.<\/p>\n\n\n\n<p>Bu veriler Amerika Birle\u015fik Devletlerinde bulunan Google sunucular\u0131nda bar\u0131nd\u0131r\u0131l\u0131r ve korunur. Google hesab\u0131n\u0131zdaki (Varsa) IP adresi ya da ki\u015fisel verileriniz ile hi\u00e7bir \u015fekilde birle\u015ftirilmemektedir.<\/p>\n\n\n\n<p>Baz\u0131 reklam partnerleri \u00e7erezleri ve web i\u015faret\u00e7ilerini kullanabilir. Google Adsense firmas\u0131 reklam partnerimizdir. Google gizlilik politikas\u0131 hakk\u0131nda resmi sayfalar\u0131ndan bilgi i\u00e7in <a href=\"https:\/\/google.com\/privacy\">buraya<\/a> t\u0131klayabilirsiniz.<\/p>\n\n\n\n<h2 class=\"wp-block-heading\">\u0130leti\u015fim bilgileri<\/h2>\n\n\n\n<p>E\u011fer gizlilik politikas\u0131 ile alakal\u0131 herhangi bir soru ya da talebiniz olursa, l\u00fctfen bizimle ileti\u015fim kurmaktan \u00e7ekinmeyin. Taleplerinize olabildi\u011fince h\u0131zl\u0131 bir \u015fekilde geri d\u00f6n\u00fc\u015f yapaca\u011f\u0131z.<\/p>\n\n\n\n<p>E-mail: <a href=\"mailto:info@serdarwork.com\" target=\"_blank\" rel=\"noreferrer noopener\" aria-label=\" (yeni sekmede a\u00e7\u0131l\u0131r)\">info@serdarwork.com<\/a><\/p>\n\n\n\n<p><strong>Son G\u00fcncelleme:<\/strong><em> 02 May 2019\ufeff<\/em><\/p>\n","protected":false},"excerpt":{"rendered":"<p>Ziyaret\u00e7ilerilerin ve m\u00fc\u015fterilerilerin ki\u015fisel verilerine sayg\u0131 duyuyoruz ve korumak i\u00e7in ciddi \u00f6nlemler almaktay\u0131z. Site \u00fczerindeki herhangi bir ziyaret\u00e7i i\u015flem g\u00fcvenli\u011fi i\u00e7in Secure Sockets Layer (SSL) yani G\u00fcvenli Giri\u015f Katman\u0131 protokol\u00fc kullan\u0131lmaktad\u0131r. Bu sayede, sitede bulunan ileti\u015fim formlar\u0131 gibi kullan\u0131c\u0131 bilgileri bar\u0131nd\u0131ran etkile\u015fimler, k\u00f6t\u00fc niyetli ki\u015filerin eline ge\u00e7memesi i\u00e7in olduk\u00e7a g\u00fc\u00e7l\u00fc bir \u015fekilde \u015fifrelenmektedir. Biz kimiz &hellip; <\/p>\n<p class=\"link-more\"><a href=\"https:\/\/serdarwork.com\/tr\/gizlilik-politikasi\/\" class=\"more-link\">Okumaya devam et<span class=\"screen-reader-text\"> &#8220;Gizlilik Politikas\u0131&#8221;<\/span><\/a><\/p>\n","protected":false},"author":1,"featured_media":0,"parent":0,"menu_order":0,"comment_status":"closed","ping_status":"closed","template":"","meta":{"footnotes":""},"_links":{"self":[{"href":"https:\/\/serdarwork.com\/tr\/wp-json\/wp\/v2\/pages\/67"}],"collection":[{"href":"https:\/\/serdarwork.com\/tr\/wp-json\/wp\/v2\/pages"}],"about":[{"href":"https:\/\/serdarwork.com\/tr\/wp-json\/wp\/v2\/types\/page"}],"author":[{"embeddable":true,"href":"https:\/\/serdarwork.com\/tr\/wp-json\/wp\/v2\/users\/1"}],"replies":[{"embeddable":true,"href":"https:\/\/serdarwork.com\/tr\/wp-json\/wp\/v2\/comments?post=67"}],"version-history":[{"count":0,"href":"https:\/\/serdarwork.com\/tr\/wp-json\/wp\/v2\/pages\/67\/revisions"}],"wp:attachment":[{"href":"https:\/\/serdarwork.com\/tr\/wp-json\/wp\/v2\/media?parent=67"}],"curies":[{"name":"wp","href":"https:\/\/api.w.org\/{rel}","templated":true}]}}